{"id":13500,"date":"2019-11-20T22:03:09","date_gmt":"2019-11-21T03:03:09","guid":{"rendered":"http:\/\/travelers-v6.site.findly.com\/life-at-travelers\/the-travelers-experience\/"},"modified":"2020-03-29T12:44:31","modified_gmt":"2020-03-29T16:44:31","slug":"lexperience-travelers","status":"publish","type":"page","link":"https:\/\/travelers.site.findly.com\/fr-ca\/vie-chez-travelers\/lexperience-travelers\/","title":{"rendered":"L\u2019exp\u00e9rience Travelers"},"content":{"rendered":"<p>[av_section min_height=&rsquo;custom&rsquo; min_height_px=&rsquo;500px&rsquo; padding=&rsquo;small&rsquo; shadow=&rsquo;no-border-styling&rsquo; bottom_border=&rsquo;no-border-styling&rsquo; bottom_border_diagonal_color=&rsquo;#333333&prime; bottom_border_diagonal_direction=\u00a0\u00bb bottom_border_style=\u00a0\u00bb id=&rsquo;banner-hero&rsquo; color=&rsquo;alternate_color&rsquo; custom_bg=\u00a0\u00bb src=&rsquo;\/wp-content\/uploads\/sites\/645\/2018\/07\/Travelers-Exp.png&rsquo; attachment=&rsquo;7073&prime; attachment_size=&rsquo;full&rsquo; attach=&rsquo;scroll&rsquo; position=&rsquo;center center&rsquo; repeat=&rsquo;stretch&rsquo; video=\u00a0\u00bb video_ratio=&rsquo;16:9&prime; overlay_opacity=&rsquo;0.5&prime; overlay_color=\u00a0\u00bb overlay_pattern=\u00a0\u00bb overlay_custom_pattern=\u00a0\u00bb custom_class=&rsquo;subpage-hero&rsquo;]<\/p>\n<p>[av_one_full first min_height=&rsquo;av-equal-height-column&rsquo; vertical_alignment=&rsquo;av-align-middle&rsquo; space=&rsquo;no_margin&rsquo; margin=&rsquo;0px&rsquo; margin_sync=&rsquo;true&rsquo; padding=&rsquo;0px&rsquo; padding_sync=&rsquo;true&rsquo; border=\u00a0\u00bb border_color=\u00a0\u00bb radius=&rsquo;0px&rsquo; radius_sync=&rsquo;true&rsquo; background_color=\u00a0\u00bb src=\u00a0\u00bb attachment=\u00a0\u00bb attachment_size=\u00a0\u00bb background_position=&rsquo;top right&rsquo; background_repeat=&rsquo;no-repeat&rsquo; animation=\u00a0\u00bb mobile_display=\u00a0\u00bb custom_class=&rsquo;bannercopy&rsquo;]<\/p>\n<p>[av_image src=&rsquo;\/wp-content\/uploads\/sites\/1053\/2019\/11\/HC_7822_Travelers_Imaginez_111819.png&rsquo; attachment=&rsquo;13458&prime; attachment_size=&rsquo;full&rsquo; align=&rsquo;center&rsquo; styling=\u00a0\u00bb hover=\u00a0\u00bb link=\u00a0\u00bb target=\u00a0\u00bb caption=\u00a0\u00bb font_size=\u00a0\u00bb appearance=\u00a0\u00bb overlay_opacity=&rsquo;0.4&prime; overlay_color=&rsquo;#000000&prime; overlay_text_color=&rsquo;#ffffff&rsquo; animation=&rsquo;no-animation&rsquo; custom_class=&rsquo;hdrtxtimg&rsquo;][\/av_image]<\/p>\n<p>[av_textblock size=\u00a0\u00bb font_color=\u00a0\u00bb color=\u00a0\u00bb custom_class=&rsquo;hdrsubhdln&rsquo;]<\/p>\n<h1 class=\"hideall\">The Traveler&rsquo;s Experience<\/h1>\n<h2 style=\"text-align: center;\">Avoir l\u2019impression de faire partie de l\u2019\u00e9quipe<\/h2>\n<p>[\/av_textblock]<\/p>\n<p>[\/av_one_full][\/av_section][av_section min_height=\u00a0\u00bb min_height_px=&rsquo;500px&rsquo; padding=&rsquo;no-padding&rsquo; shadow=&rsquo;no-border-styling&rsquo; bottom_border=&rsquo;no-border-styling&rsquo; bottom_border_diagonal_color=&rsquo;#333333&prime; bottom_border_diagonal_direction=\u00a0\u00bb bottom_border_style=\u00a0\u00bb id=&rsquo;search-banner&rsquo; color=&rsquo;main_color&rsquo; custom_bg=&rsquo;#d8d8d8&prime; src=\u00a0\u00bb attachment=\u00a0\u00bb attachment_size=\u00a0\u00bb attach=&rsquo;scroll&rsquo; position=&rsquo;top left&rsquo; repeat=&rsquo;no-repeat&rsquo; video=\u00a0\u00bb video_ratio=&rsquo;16:9&prime; overlay_opacity=&rsquo;0.5&prime; overlay_color=\u00a0\u00bb overlay_pattern=\u00a0\u00bb overlay_custom_pattern=\u00a0\u00bb custom_class=\u00a0\u00bb]<br \/>\n[av_one_full first min_height=&rsquo;av-equal-height-column&rsquo; vertical_alignment=&rsquo;av-align-middle&rsquo; space=&rsquo;no_margin&rsquo; custom_margin=&rsquo;aviaTBcustom_margin&rsquo; margin=&rsquo;0px&rsquo; margin_sync=&rsquo;true&rsquo; padding=&rsquo;10px,0px,10px,0px&rsquo; border=\u00a0\u00bb border_color=\u00a0\u00bb radius=&rsquo;0px&rsquo; radius_sync=&rsquo;true&rsquo; background_color=\u00a0\u00bb src=\u00a0\u00bb attachment=\u00a0\u00bb attachment_size=\u00a0\u00bb background_position=&rsquo;top left&rsquo; background_repeat=&rsquo;no-repeat&rsquo; animation=\u00a0\u00bb mobile_display=\u00a0\u00bb custom_class=\u00a0\u00bb]<\/p>\n<p>[av_sidebar widget_area=&rsquo;Job Search- FR-CA Banner&rsquo;]<\/p>\n<p>[\/av_one_full]<br \/>\n[\/av_section]<\/p>\n<p>[av_section min_height=&rsquo;custom&rsquo; min_height_px=&rsquo;21px&rsquo; padding=&rsquo;no-padding&rsquo; shadow=&rsquo;no-border-styling&rsquo; bottom_border=&rsquo;no-border-styling&rsquo; id=&rsquo;bcrumbs&rsquo; color=&rsquo;main_color&rsquo; custom_bg=&rsquo;#ffffff&rsquo; src=\u00a0\u00bb attachment=\u00a0\u00bb attachment_size=\u00a0\u00bb attach=&rsquo;scroll&rsquo; position=&rsquo;top left&rsquo; repeat=&rsquo;no-repeat&rsquo; video=\u00a0\u00bb video_ratio=&rsquo;16:9&prime; overlay_opacity=&rsquo;0.5&prime; overlay_color=\u00a0\u00bb overlay_pattern=\u00a0\u00bb overlay_custom_pattern=\u00a0\u00bb custom_class=\u00a0\u00bb]<br \/>\n[av_sidebar widget_area=&rsquo;Breadcrumbs&rsquo;]<br \/>\n[\/av_section]<\/p>\n<p>[av_section min_height=\u00a0\u00bb min_height_px=&rsquo;500px&rsquo; padding=&rsquo;small&rsquo; shadow=&rsquo;no-border-styling&rsquo; bottom_border=&rsquo;no-border-styling&rsquo; bottom_border_diagonal_color=&rsquo;#333333&prime; bottom_border_diagonal_direction=\u00a0\u00bb bottom_border_style=\u00a0\u00bb id=&rsquo;texp-intro&rsquo; color=&rsquo;main_color&rsquo; custom_bg=\u00a0\u00bb src=\u00a0\u00bb attachment=\u00a0\u00bb attachment_size=\u00a0\u00bb attach=&rsquo;scroll&rsquo; position=&rsquo;top left&rsquo; repeat=&rsquo;no-repeat&rsquo; video=\u00a0\u00bb video_ratio=&rsquo;16:9&prime; overlay_opacity=&rsquo;0.5&prime; overlay_color=\u00a0\u00bb overlay_pattern=\u00a0\u00bb overlay_custom_pattern=\u00a0\u00bb custom_class=&rsquo;defpadding smlrwidth&rsquo;]<br \/>\n[av_one_full first min_height=\u00a0\u00bb vertical_alignment=\u00a0\u00bb space=\u00a0\u00bb custom_margin=\u00a0\u00bb margin=&rsquo;0px&rsquo; padding=&rsquo;0px&rsquo; border=\u00a0\u00bb border_color=\u00a0\u00bb radius=&rsquo;0px&rsquo; background_color=\u00a0\u00bb src=\u00a0\u00bb background_position=&rsquo;top left&rsquo; background_repeat=&rsquo;no-repeat&rsquo; animation=\u00a0\u00bb mobile_display=\u00a0\u00bb]<\/p>\n<p>[av_textblock size=\u00a0\u00bb font_color=\u00a0\u00bb color=\u00a0\u00bb custom_class=\u00a0\u00bb]<\/p>\n<p style=\"text-align: center;\">Nous croyons que l\u2019endroit o\u00f9 nous travaillons est un \u00e9l\u00e9ment important de notre identit\u00e9. Nous nous soucions du bien-\u00eatre de l\u2019entreprise et de tous ceux qui travaillent ici. Nous nous soutenons mutuellement et nous savons que nous prenons de meilleures d\u00e9cisions ensemble. Et surtout, nous faisons ce qui est juste pour nos coll\u00e8gues, nos clients et nos communaut\u00e9s.<\/p>\n<p>[\/av_textblock]<\/p>\n<p>[\/av_one_full]<br \/>\n[\/av_section]<\/p>\n<p>[av_section min_height=&rsquo;50&rsquo; min_height_px=&rsquo;500px&rsquo; padding=&rsquo;default&rsquo; shadow=&rsquo;no-border-styling&rsquo; bottom_border=&rsquo;no-border-styling&rsquo; bottom_border_diagonal_color=&rsquo;#333333&prime; bottom_border_diagonal_direction=\u00a0\u00bb bottom_border_style=\u00a0\u00bb id=&rsquo;te-peoplesay&rsquo; color=&rsquo;main_color&rsquo; custom_bg=&rsquo;#ebebeb&rsquo; src=\u00a0\u00bb attachment=\u00a0\u00bb attachment_size=\u00a0\u00bb attach=&rsquo;scroll&rsquo; position=&rsquo;top left&rsquo; repeat=&rsquo;no-repeat&rsquo; video=\u00a0\u00bb video_ratio=&rsquo;16:9&prime; overlay_opacity=&rsquo;0.5&prime; overlay_color=\u00a0\u00bb overlay_pattern=\u00a0\u00bb overlay_custom_pattern=\u00a0\u00bb custom_class=&rsquo;dblbblbkg defpadding&rsquo;]<br \/>\n[av_content_slider heading=&rsquo;Ce que nos employ\u00e9s disent :&rsquo; columns=&rsquo;1&prime; animation=&rsquo;slide&rsquo; navigation=&rsquo;dots&rsquo; autoplay=&rsquo;true&rsquo; interval=&rsquo;8&prime; font_color=\u00a0\u00bb color=\u00a0\u00bb custom_class=&rsquo;smlrwidth2 quoteslider&rsquo;]<br \/>\n[av_content_slide title=&rsquo;Quote 1&prime; link=\u00a0\u00bb linktarget=\u00a0\u00bb]<br \/>\n\u00ab L\u2019entreprise est fond\u00e9e sur un haut niveau de collaboration et d\u2019esprit d\u2019\u00e9quipe. C\u2019est une partie tr\u00e8s importante de notre identit\u00e9. Nous avons tendance \u00e0 examiner les probl\u00e8mes ou les d\u00e9fis en tant que groupe et \u00e0 essayer de tirer les meilleures id\u00e9es de ce que j\u2019appelle \u201cfaire partie d\u2019une \u00e9quipe de gagnants\u201d. \u00bb<br \/>\n[\/av_content_slide]<br \/>\n[av_content_slide title=&rsquo;Quote 2&prime; link=\u00a0\u00bb linktarget=\u00a0\u00bb]<br \/>\n\u00ab Les gens se soutiennent et sont v\u00e9ritablement heureux pour les autres. Ils font tout leur possible pour s\u2019entraider, peu importe les circonstances, et je crois que nous sommes tr\u00e8s fiers de cette culture. \u00bb<br \/>\n[\/av_content_slide]<br \/>\n[av_content_slide title=&rsquo;Quote 3&prime; link=\u00a0\u00bb linktarget=\u00a0\u00bb]<br \/>\n\u00ab Ce que j\u2019aime de l\u2019entreprise et ce que je r\u00e9p\u00e8te \u00e0 tous est que je suis convaincu que l\u2019entreprise est un endroit o\u00f9 le travail acharn\u00e9 est r\u00e9compens\u00e9. \u00bb<br \/>\n[\/av_content_slide]<br \/>\n[av_content_slide title=&rsquo;Quote 4&prime; link=\u00a0\u00bb linktarget=\u00a0\u00bb]<br \/>\n\u00ab Non seulement il y a toujours des occasions de s\u2019am\u00e9liorer, mais en plus l\u2019environnement nous permet d\u2019aller de l\u2019avant, de prendre des d\u00e9cisions et de nous permettre de l\u2019am\u00e9liorer. \u00bb<br \/>\n[\/av_content_slide]<br \/>\n[av_content_slide title=&rsquo;Quote 5&prime; link=\u00a0\u00bb linktarget=\u00a0\u00bb]<br \/>\n\u00ab Je pense que notre implication dans la communaut\u00e9 est tr\u00e8s importante pour les gens. Je crois que les gens sont fiers de cela. Je crois qu\u2019ils sont fiers de l\u2019int\u00e9grit\u00e9 de l\u2019entreprise. \u00bb<br \/>\n[\/av_content_slide]<br \/>\n[av_content_slide title=&rsquo;Quote 6&prime; link=\u00a0\u00bb linktarget=\u00a0\u00bb]<br \/>\n\u00ab Les gens croient en nos actions en ce qui concerne notre contribution \u00e0 l\u2019\u00e9conomie et c\u2019est un excellent endroit o\u00f9 travailler. Nous nous soucions des gens. \u00bb<br \/>\n[\/av_content_slide]<br \/>\n[av_content_slide title=&rsquo;Quote 7&prime; link=\u00a0\u00bb linktarget=\u00a0\u00bb]<br \/>\n\u00ab Nous travaillons en collaboration en plus d\u2019adopter un comportement \u00e9thique tr\u00e8s rigoureux. Et vous savez, c\u2019est important. Nous allons faire ce qu\u2019il faut. Ce n\u2019est pas toujours la solution facile, mais nous allons faire ce qu\u2019il faut. \u00bb<br \/>\n[\/av_content_slide]<br \/>\n[\/av_content_slider]<br \/>\n[\/av_section]<\/p>\n","protected":false},"excerpt":{"rendered":"<p>[av_section min_height=&rsquo;custom&rsquo; min_height_px=&rsquo;500px&rsquo; padding=&rsquo;small&rsquo; shadow=&rsquo;no-border-styling&rsquo; bottom_border=&rsquo;no-border-styling&rsquo; bottom_border_diagonal_color=&rsquo;#333333&prime; bottom_border_diagonal_direction=\u00a0\u00bb bottom_border_style=\u00a0\u00bb id=&rsquo;banner-hero&rsquo;  [&#8230;]<\/p>\n","protected":false},"author":22,"featured_media":0,"parent":13462,"menu_order":0,"comment_status":"closed","ping_status":"closed","template":"","meta":{"footnotes":""},"persona":[],"class_list":["post-13500","page","type-page","status-publish","hentry"],"yoast_head":"<!-- This site is optimized with the Yoast SEO Premium plugin v23.0 (Yoast SEO v23.0) - https:\/\/yoast.com\/wordpress\/plugins\/seo\/ -->\n<title>Emplois chez Travelers | Ce que nous faisons | Carri\u00e8res et couverture comme aucune autre compagnie d&#039;assurance aupr\u00e8s des Travelers<\/title>\n<meta name=\"description\" content=\"Les Travelers offrent une couverture d&#039;assurance et diverses carri\u00e8res pas comme les autres. Trouvez votre prochaine carri\u00e8re avec les Travelers.\" \/>\n<meta name=\"robots\" content=\"index, follow, max-snippet:-1, max-image-preview:large, max-video-preview:-1\" \/>\n<link rel=\"canonical\" href=\"https:\/\/careers.travelers.comhttps:\/\/travelers.site.findly.com\/fr-ca\/vie-chez-travelers\/lexperience-travelers\/\" \/>\n<meta property=\"og:locale\" content=\"fr_CA\" \/>\n<meta property=\"og:type\" content=\"article\" \/>\n<meta property=\"og:title\" content=\"Emplois chez Travelers | Ce que nous faisons | Carri\u00e8res et couverture comme aucune autre compagnie d&#039;assurance aupr\u00e8s des Travelers\" \/>\n<meta property=\"og:description\" content=\"Les Travelers offrent une couverture d&#039;assurance et diverses carri\u00e8res pas comme les autres. Trouvez votre prochaine carri\u00e8re avec les Travelers.\" \/>\n<meta property=\"og:url\" content=\"https:\/\/travelers.site.findly.com\/fr-ca\/vie-chez-travelers\/lexperience-travelers\/\" \/>\n<meta property=\"og:site_name\" content=\"Travelers\" \/>\n<meta property=\"article:publisher\" content=\"https:\/\/www.facebook.com\/TravelersCareers\" \/>\n<meta property=\"article:modified_time\" content=\"2020-03-29T16:44:31+00:00\" \/>\n<meta name=\"twitter:label1\" content=\"Estimation du temps de lecture\" \/>\n\t<meta name=\"twitter:data1\" content=\"6 minutes\" \/>\n<script type=\"application\/ld+json\" class=\"yoast-schema-graph\">{\"@context\":\"https:\/\/schema.org\",\"@graph\":[{\"@type\":\"WebPage\",\"@id\":\"https:\/\/travelers.site.findly.com\/fr-ca\/vie-chez-travelers\/lexperience-travelers\/\",\"url\":\"https:\/\/travelers.site.findly.com\/fr-ca\/vie-chez-travelers\/lexperience-travelers\/\",\"name\":\"Emplois chez Travelers | Ce que nous faisons | Carri\u00e8res et couverture comme aucune autre compagnie d'assurance aupr\u00e8s des Travelers\",\"isPartOf\":{\"@id\":\"https:\/\/careers.travelers.com\/#website\"},\"datePublished\":\"2019-11-21T03:03:09+00:00\",\"dateModified\":\"2020-03-29T16:44:31+00:00\",\"description\":\"Les Travelers offrent une couverture d'assurance et diverses carri\u00e8res pas comme les autres. Trouvez votre prochaine carri\u00e8re avec les Travelers.\",\"breadcrumb\":{\"@id\":\"https:\/\/travelers.site.findly.com\/fr-ca\/vie-chez-travelers\/lexperience-travelers\/#breadcrumb\"},\"inLanguage\":\"fr-CA\",\"potentialAction\":[{\"@type\":\"ReadAction\",\"target\":[\"https:\/\/travelers.site.findly.com\/fr-ca\/vie-chez-travelers\/lexperience-travelers\/\"]}]},{\"@type\":\"BreadcrumbList\",\"@id\":\"https:\/\/travelers.site.findly.com\/fr-ca\/vie-chez-travelers\/lexperience-travelers\/#breadcrumb\",\"itemListElement\":[{\"@type\":\"ListItem\",\"position\":1,\"name\":\"Home\",\"item\":\"https:\/\/careers.travelers.com\/fr-ca\/\"},{\"@type\":\"ListItem\",\"position\":2,\"name\":\"Vie \u00e0 Travelers\",\"item\":\"https:\/\/careers.travelers.com\/fr-ca\/vie-chez-travelers\/\"},{\"@type\":\"ListItem\",\"position\":3,\"name\":\"L\u2019exp\u00e9rience Travelers\"}]},{\"@type\":\"WebSite\",\"@id\":\"https:\/\/careers.travelers.com\/#website\",\"url\":\"https:\/\/careers.travelers.com\/\",\"name\":\"Travelers\",\"description\":\"Careers at Travelers\",\"potentialAction\":[{\"@type\":\"SearchAction\",\"target\":{\"@type\":\"EntryPoint\",\"urlTemplate\":\"https:\/\/careers.travelers.com\/?s={search_term_string}\"},\"query-input\":\"required name=search_term_string\"}],\"inLanguage\":\"fr-CA\"}]}<\/script>\n<!-- \/ Yoast SEO Premium plugin. -->","yoast_head_json":{"title":"Emplois chez Travelers | Ce que nous faisons | Carri\u00e8res et couverture comme aucune autre compagnie d'assurance aupr\u00e8s des Travelers","description":"Les Travelers offrent une couverture d'assurance et diverses carri\u00e8res pas comme les autres. Trouvez votre prochaine carri\u00e8re avec les Travelers.","robots":{"index":"index","follow":"follow","max-snippet":"max-snippet:-1","max-image-preview":"max-image-preview:large","max-video-preview":"max-video-preview:-1"},"canonical":"https:\/\/careers.travelers.comhttps:\/\/travelers.site.findly.com\/fr-ca\/vie-chez-travelers\/lexperience-travelers\/","og_locale":"fr_CA","og_type":"article","og_title":"Emplois chez Travelers | Ce que nous faisons | Carri\u00e8res et couverture comme aucune autre compagnie d'assurance aupr\u00e8s des Travelers","og_description":"Les Travelers offrent une couverture d'assurance et diverses carri\u00e8res pas comme les autres. Trouvez votre prochaine carri\u00e8re avec les Travelers.","og_url":"https:\/\/travelers.site.findly.com\/fr-ca\/vie-chez-travelers\/lexperience-travelers\/","og_site_name":"Travelers","article_publisher":"https:\/\/www.facebook.com\/TravelersCareers","article_modified_time":"2020-03-29T16:44:31+00:00","twitter_misc":{"Estimation du temps de lecture":"6 minutes"},"schema":{"@context":"https:\/\/schema.org","@graph":[{"@type":"WebPage","@id":"https:\/\/travelers.site.findly.com\/fr-ca\/vie-chez-travelers\/lexperience-travelers\/","url":"https:\/\/travelers.site.findly.com\/fr-ca\/vie-chez-travelers\/lexperience-travelers\/","name":"Emplois chez Travelers | Ce que nous faisons | Carri\u00e8res et couverture comme aucune autre compagnie d'assurance aupr\u00e8s des Travelers","isPartOf":{"@id":"https:\/\/careers.travelers.com\/#website"},"datePublished":"2019-11-21T03:03:09+00:00","dateModified":"2020-03-29T16:44:31+00:00","description":"Les Travelers offrent une couverture d'assurance et diverses carri\u00e8res pas comme les autres. Trouvez votre prochaine carri\u00e8re avec les Travelers.","breadcrumb":{"@id":"https:\/\/travelers.site.findly.com\/fr-ca\/vie-chez-travelers\/lexperience-travelers\/#breadcrumb"},"inLanguage":"fr-CA","potentialAction":[{"@type":"ReadAction","target":["https:\/\/travelers.site.findly.com\/fr-ca\/vie-chez-travelers\/lexperience-travelers\/"]}]},{"@type":"BreadcrumbList","@id":"https:\/\/travelers.site.findly.com\/fr-ca\/vie-chez-travelers\/lexperience-travelers\/#breadcrumb","itemListElement":[{"@type":"ListItem","position":1,"name":"Home","item":"https:\/\/careers.travelers.com\/fr-ca\/"},{"@type":"ListItem","position":2,"name":"Vie \u00e0 Travelers","item":"https:\/\/careers.travelers.com\/fr-ca\/vie-chez-travelers\/"},{"@type":"ListItem","position":3,"name":"L\u2019exp\u00e9rience Travelers"}]},{"@type":"WebSite","@id":"https:\/\/careers.travelers.com\/#website","url":"https:\/\/careers.travelers.com\/","name":"Travelers","description":"Careers at Travelers","potentialAction":[{"@type":"SearchAction","target":{"@type":"EntryPoint","urlTemplate":"https:\/\/careers.travelers.com\/?s={search_term_string}"},"query-input":"required name=search_term_string"}],"inLanguage":"fr-CA"}]}},"_links":{"self":[{"href":"https:\/\/travelers.site.findly.com\/fr-ca\/wp-json\/wp\/v2\/pages\/13500","targetHints":{"allow":["GET"]}}],"collection":[{"href":"https:\/\/travelers.site.findly.com\/fr-ca\/wp-json\/wp\/v2\/pages"}],"about":[{"href":"https:\/\/travelers.site.findly.com\/fr-ca\/wp-json\/wp\/v2\/types\/page"}],"author":[{"embeddable":true,"href":"https:\/\/travelers.site.findly.com\/fr-ca\/wp-json\/wp\/v2\/users\/22"}],"replies":[{"embeddable":true,"href":"https:\/\/travelers.site.findly.com\/fr-ca\/wp-json\/wp\/v2\/comments?post=13500"}],"version-history":[{"count":0,"href":"https:\/\/travelers.site.findly.com\/fr-ca\/wp-json\/wp\/v2\/pages\/13500\/revisions"}],"up":[{"embeddable":true,"href":"https:\/\/travelers.site.findly.com\/fr-ca\/wp-json\/wp\/v2\/pages\/13462"}],"wp:attachment":[{"href":"https:\/\/travelers.site.findly.com\/fr-ca\/wp-json\/wp\/v2\/media?parent=13500"}],"wp:term":[{"taxonomy":"persona","embeddable":true,"href":"https:\/\/travelers.site.findly.com\/fr-ca\/wp-json\/wp\/v2\/persona?post=13500"}],"curies":[{"name":"wp","href":"https:\/\/api.w.org\/{rel}","templated":true}]}}